{"id":3590,"date":"2025-09-10T23:16:28","date_gmt":"2025-09-10T21:16:28","guid":{"rendered":"http:\/\/cielococktailbar.com\/?page_id=3590"},"modified":"2025-09-10T23:16:30","modified_gmt":"2025-09-10T21:16:30","slug":"il-cocktail-bar","status":"publish","type":"page","link":"http:\/\/cielococktailbar.com\/en\/il-cocktail-bar\/","title":{"rendered":"Il Cocktail bar"},"content":{"rendered":"\n<p>Al <em>Cielo<\/em> il cocktail non \u00e8 mai un semplice drink: \u00e8 ricerca, equilibrio e racconto in forma liquida. La nostra filosofia di miscelazione parte dal rispetto della tradizione, dall\u2019attenzione alla materia prima e da un tocco di creativit\u00e0 che rende ogni esperienza unica.<\/p>\n\n\n\n<p>Dietro il bancone lavoriamo con una <strong>mixology contemporanea<\/strong>, dove tecniche moderne si fondono con sapori autentici. Utilizziamo distillati di qualit\u00e0, infusioni fatte in casa, estratti naturali e richiami ai profumi della cucina mediterranea per dare vita a drink sorprendenti e raffinati.<\/p>\n\n\n\n<p>Il nostro men\u00f9 cocktail \u00e8 diviso in percorsi sensoriali:<\/p>\n\n\n\n<ul><li><strong>Classici rivisitati<\/strong>, che rispettano le ricette storiche con interpretazioni personali;<\/li><li><strong>Signature drinks<\/strong>, creazioni esclusive che raccontano la nostra identit\u00e0;<\/li><li><strong>Proposte stagionali<\/strong>, in cui i prodotti freschi del momento diventano protagonisti.<\/li><\/ul>\n\n\n\n<p>Il bar diventa cos\u00ec un vero e proprio laboratorio creativo, un luogo dove il gusto incontra l\u2019estetica e la convivialit\u00e0 si trasforma in scoperta.<\/p>\n\n\n\n<p>Al <em>Cielo<\/em>, il cocktail \u00e8 molto pi\u00f9 di una bevanda: \u00e8 un linguaggio che racconta chi siamo e rende ogni serata indimenticabile.<\/p>\n\n\n\n<figure class=\"wp-block-gallery columns-3 is-cropped\"><ul class=\"blocks-gallery-grid\"><li class=\"blocks-gallery-item\"><figure><img loading=\"lazy\" width=\"1024\" height=\"1024\" src=\"http:\/\/cielococktailbar.com\/wp-content\/uploads\/2025\/09\/2-1024x1024.jpg\" alt=\"\" data-id=\"4487\" data-full-url=\"http:\/\/cielococktailbar.com\/wp-content\/uploads\/2025\/09\/2.jpg\" data-link=\"http:\/\/cielococktailbar.com\/?attachment_id=4487\" class=\"wp-image-4487\" srcset=\"http:\/\/cielococktailbar.com\/wp-content\/uploads\/2025\/09\/2-1024x1024.jpg 1024w, http:\/\/cielococktailbar.com\/wp-content\/uploads\/2025\/09\/2-300x300.jpg 300w, http:\/\/cielococktailbar.com\/wp-content\/uploads\/2025\/09\/2-150x150.jpg 150w, http:\/\/cielococktailbar.com\/wp-content\/uploads\/2025\/09\/2-768x768.jpg 768w, http:\/\/cielococktailbar.com\/wp-content\/uploads\/2025\/09\/2-800x800.jpg 800w, http:\/\/cielococktailbar.com\/wp-content\/uploads\/2025\/09\/2.jpg 1080w\" sizes=\"(max-width: 1024px) 100vw, 1024px\" \/><\/figure><\/li><li class=\"blocks-gallery-item\"><figure><img loading=\"lazy\" width=\"1024\" height=\"1024\" src=\"http:\/\/cielococktailbar.com\/wp-content\/uploads\/2025\/09\/3-1024x1024.jpg\" alt=\"\" data-id=\"4488\" data-full-url=\"http:\/\/cielococktailbar.com\/wp-content\/uploads\/2025\/09\/3.jpg\" data-link=\"http:\/\/cielococktailbar.com\/?attachment_id=4488\" class=\"wp-image-4488\" srcset=\"http:\/\/cielococktailbar.com\/wp-content\/uploads\/2025\/09\/3-1024x1024.jpg 1024w, http:\/\/cielococktailbar.com\/wp-content\/uploads\/2025\/09\/3-300x300.jpg 300w, http:\/\/cielococktailbar.com\/wp-content\/uploads\/2025\/09\/3-150x150.jpg 150w, http:\/\/cielococktailbar.com\/wp-content\/uploads\/2025\/09\/3-768x768.jpg 768w, http:\/\/cielococktailbar.com\/wp-content\/uploads\/2025\/09\/3-800x800.jpg 800w, http:\/\/cielococktailbar.com\/wp-content\/uploads\/2025\/09\/3.jpg 1080w\" sizes=\"(max-width: 1024px) 100vw, 1024px\" \/><\/figure><\/li><li class=\"blocks-gallery-item\"><figure><img loading=\"lazy\" width=\"1024\" height=\"1024\" src=\"http:\/\/cielococktailbar.com\/wp-content\/uploads\/2025\/09\/4-1024x1024.jpg\" alt=\"\" data-id=\"4489\" data-full-url=\"http:\/\/cielococktailbar.com\/wp-content\/uploads\/2025\/09\/4.jpg\" data-link=\"http:\/\/cielococktailbar.com\/?attachment_id=4489\" class=\"wp-image-4489\" srcset=\"http:\/\/cielococktailbar.com\/wp-content\/uploads\/2025\/09\/4-1024x1024.jpg 1024w, http:\/\/cielococktailbar.com\/wp-content\/uploads\/2025\/09\/4-300x300.jpg 300w, http:\/\/cielococktailbar.com\/wp-content\/uploads\/2025\/09\/4-150x150.jpg 150w, http:\/\/cielococktailbar.com\/wp-content\/uploads\/2025\/09\/4-768x768.jpg 768w, http:\/\/cielococktailbar.com\/wp-content\/uploads\/2025\/09\/4-800x800.jpg 800w, http:\/\/cielococktailbar.com\/wp-content\/uploads\/2025\/09\/4.jpg 1080w\" sizes=\"(max-width: 1024px) 100vw, 1024px\" \/><\/figure><\/li><li class=\"blocks-gallery-item\"><figure><img loading=\"lazy\" width=\"1024\" height=\"1024\" src=\"http:\/\/cielococktailbar.com\/wp-content\/uploads\/2025\/09\/1-1024x1024.jpg\" alt=\"\" data-id=\"4486\" data-full-url=\"http:\/\/cielococktailbar.com\/wp-content\/uploads\/2025\/09\/1.jpg\" data-link=\"http:\/\/cielococktailbar.com\/?attachment_id=4486\" class=\"wp-image-4486\" srcset=\"http:\/\/cielococktailbar.com\/wp-content\/uploads\/2025\/09\/1-1024x1024.jpg 1024w, http:\/\/cielococktailbar.com\/wp-content\/uploads\/2025\/09\/1-300x300.jpg 300w, http:\/\/cielococktailbar.com\/wp-content\/uploads\/2025\/09\/1-150x150.jpg 150w, http:\/\/cielococktailbar.com\/wp-content\/uploads\/2025\/09\/1-768x768.jpg 768w, http:\/\/cielococktailbar.com\/wp-content\/uploads\/2025\/09\/1-800x800.jpg 800w, http:\/\/cielococktailbar.com\/wp-content\/uploads\/2025\/09\/1.jpg 1080w\" sizes=\"(max-width: 1024px) 100vw, 1024px\" \/><\/figure><\/li><li class=\"blocks-gallery-item\"><figure><img loading=\"lazy\" width=\"1024\" height=\"1024\" src=\"http:\/\/cielococktailbar.com\/wp-content\/uploads\/2025\/09\/5-1024x1024.jpg\" alt=\"\" data-id=\"4490\" data-full-url=\"http:\/\/cielococktailbar.com\/wp-content\/uploads\/2025\/09\/5.jpg\" data-link=\"http:\/\/cielococktailbar.com\/?attachment_id=4490\" class=\"wp-image-4490\" srcset=\"http:\/\/cielococktailbar.com\/wp-content\/uploads\/2025\/09\/5-1024x1024.jpg 1024w, http:\/\/cielococktailbar.com\/wp-content\/uploads\/2025\/09\/5-300x300.jpg 300w, http:\/\/cielococktailbar.com\/wp-content\/uploads\/2025\/09\/5-150x150.jpg 150w, http:\/\/cielococktailbar.com\/wp-content\/uploads\/2025\/09\/5-768x768.jpg 768w, http:\/\/cielococktailbar.com\/wp-content\/uploads\/2025\/09\/5-800x800.jpg 800w, http:\/\/cielococktailbar.com\/wp-content\/uploads\/2025\/09\/5.jpg 1080w\" sizes=\"(max-width: 1024px) 100vw, 1024px\" \/><\/figure><\/li><li class=\"blocks-gallery-item\"><figure><img loading=\"lazy\" width=\"1024\" height=\"1024\" src=\"http:\/\/cielococktailbar.com\/wp-content\/uploads\/2025\/09\/6-1024x1024.jpg\" alt=\"\" data-id=\"4491\" data-full-url=\"http:\/\/cielococktailbar.com\/wp-content\/uploads\/2025\/09\/6.jpg\" data-link=\"http:\/\/cielococktailbar.com\/?attachment_id=4491\" class=\"wp-image-4491\" srcset=\"http:\/\/cielococktailbar.com\/wp-content\/uploads\/2025\/09\/6-1024x1024.jpg 1024w, http:\/\/cielococktailbar.com\/wp-content\/uploads\/2025\/09\/6-300x300.jpg 300w, http:\/\/cielococktailbar.com\/wp-content\/uploads\/2025\/09\/6-150x150.jpg 150w, http:\/\/cielococktailbar.com\/wp-content\/uploads\/2025\/09\/6-768x768.jpg 768w, http:\/\/cielococktailbar.com\/wp-content\/uploads\/2025\/09\/6-800x800.jpg 800w, http:\/\/cielococktailbar.com\/wp-content\/uploads\/2025\/09\/6.jpg 1080w\" sizes=\"(max-width: 1024px) 100vw, 1024px\" \/><\/figure><\/li><\/ul><\/figure>\n","protected":false},"excerpt":{"rendered":"<p>Al Cielo il cocktail non \u00e8 mai un semplice drink: \u00e8 ricerca, equilibrio e racconto in forma liquida. La nostra filosofia di miscelazione parte dal rispetto della tradizione, dall\u2019attenzione alla &#8230;<\/p>\n","protected":false},"author":1,"featured_media":0,"parent":0,"menu_order":0,"comment_status":"closed","ping_status":"closed","template":"","meta":[],"_links":{"self":[{"href":"http:\/\/cielococktailbar.com\/en\/wp-json\/wp\/v2\/pages\/3590"}],"collection":[{"href":"http:\/\/cielococktailbar.com\/en\/wp-json\/wp\/v2\/pages"}],"about":[{"href":"http:\/\/cielococktailbar.com\/en\/wp-json\/wp\/v2\/types\/page"}],"author":[{"embeddable":true,"href":"http:\/\/cielococktailbar.com\/en\/wp-json\/wp\/v2\/users\/1"}],"replies":[{"embeddable":true,"href":"http:\/\/cielococktailbar.com\/en\/wp-json\/wp\/v2\/comments?post=3590"}],"version-history":[{"count":3,"href":"http:\/\/cielococktailbar.com\/en\/wp-json\/wp\/v2\/pages\/3590\/revisions"}],"predecessor-version":[{"id":4492,"href":"http:\/\/cielococktailbar.com\/en\/wp-json\/wp\/v2\/pages\/3590\/revisions\/4492"}],"wp:attachment":[{"href":"http:\/\/cielococktailbar.com\/en\/wp-json\/wp\/v2\/media?parent=3590"}],"curies":[{"name":"wp","href":"https:\/\/api.w.org\/{rel}","templated":true}]}}